{"id":111,"date":"2023-12-20T12:48:48","date_gmt":"2023-12-20T11:48:48","guid":{"rendered":"https:\/\/vivienda.islacristina.org\/?page_id=111"},"modified":"2023-12-20T13:45:32","modified_gmt":"2023-12-20T12:45:32","slug":"orden-26-9-22-por-la-que-se-efectua-convocatoria-en-regimen-de-concurrencia-no-competitiva-de-subvenciones-para-la-rehabilitacion-a-la-elaboracion-del-libro-del-edificio-y-redaccion-de-proyectos","status":"publish","type":"page","link":"https:\/\/vivienda.islacristina.org\/?page_id=111","title":{"rendered":"Orden 26\/9\/22 por la que se efect\u00faa convocatoria, en r\u00e9gimen de concurrencia no competitiva, de subvenciones para la rehabilitaci\u00f3n a la elaboraci\u00f3n del libro del edificio y redacci\u00f3n de proyectos"},"content":{"rendered":"\n<div data-wp-interactive=\"core\/file\" class=\"wp-block-file\"><object data-wp-bind--hidden=\"!state.hasPdfPreview\" hidden class=\"wp-block-file__embed\" data=\"https:\/\/vivienda.islacristina.org\/wp-content\/uploads\/2023\/12\/ORDEN_26-09-2022_CONVOCA_SUBVENCIONES_REHABILITACION_EDIFICIOS_PARA_MEJORA_EFICIENCIA_ENERGETICA_VVDAS__ELABORAR_LIBRO_EDIFCIOS_Y_REDACCION_PROYECTOS__MARCO_PRTR_.pdf\" type=\"application\/pdf\" style=\"width:100%;height:600px\" aria-label=\"Incrustado de ORDEN_26-09-2022_CONVOCA_SUBVENCIONES_REHABILITACION_EDIFICIOS_PARA_MEJORA_EFICIENCIA_ENERGETICA_VVDAS__ELABORAR_LIBRO_EDIFCIOS_Y_REDACCION_PROYECTOS__MARCO_PRTR_.\"><\/object><a id=\"wp-block-file--media-58a70706-c52f-43e3-a25e-8a7bb4b9f9ae\" href=\"https:\/\/vivienda.islacristina.org\/wp-content\/uploads\/2023\/12\/ORDEN_26-09-2022_CONVOCA_SUBVENCIONES_REHABILITACION_EDIFICIOS_PARA_MEJORA_EFICIENCIA_ENERGETICA_VVDAS__ELABORAR_LIBRO_EDIFCIOS_Y_REDACCION_PROYECTOS__MARCO_PRTR_.pdf\">ORDEN_26-09-2022_CONVOCA_SUBVENCIONES_REHABILITACION_EDIFICIOS_PARA_MEJORA_EFICIENCIA_ENERGETICA_VVDAS__ELABORAR_LIBRO_EDIFCIOS_Y_REDACCION_PROYECTOS__MARCO_PRTR_<\/a><a href=\"https:\/\/vivienda.islacristina.org\/wp-content\/uploads\/2023\/12\/ORDEN_26-09-2022_CONVOCA_SUBVENCIONES_REHABILITACION_EDIFICIOS_PARA_MEJORA_EFICIENCIA_ENERGETICA_VVDAS__ELABORAR_LIBRO_EDIFCIOS_Y_REDACCION_PROYECTOS__MARCO_PRTR_.pdf\" class=\"wp-block-file__button wp-element-button\" download aria-describedby=\"wp-block-file--media-58a70706-c52f-43e3-a25e-8a7bb4b9f9ae\">Descarga<\/a><\/div>\n","protected":false},"excerpt":{"rendered":"","protected":false},"author":1,"featured_media":0,"parent":0,"menu_order":0,"comment_status":"closed","ping_status":"closed","template":"","meta":{"footnotes":""},"class_list":["post-111","page","type-page","status-publish","hentry"],"_links":{"self":[{"href":"https:\/\/vivienda.islacristina.org\/index.php?rest_route=\/wp\/v2\/pages\/111","targetHints":{"allow":["GET"]}}],"collection":[{"href":"https:\/\/vivienda.islacristina.org\/index.php?rest_route=\/wp\/v2\/pages"}],"about":[{"href":"https:\/\/vivienda.islacristina.org\/index.php?rest_route=\/wp\/v2\/types\/page"}],"author":[{"embeddable":true,"href":"https:\/\/vivienda.islacristina.org\/index.php?rest_route=\/wp\/v2\/users\/1"}],"replies":[{"embeddable":true,"href":"https:\/\/vivienda.islacristina.org\/index.php?rest_route=%2Fwp%2Fv2%2Fcomments&post=111"}],"version-history":[{"count":1,"href":"https:\/\/vivienda.islacristina.org\/index.php?rest_route=\/wp\/v2\/pages\/111\/revisions"}],"predecessor-version":[{"id":113,"href":"https:\/\/vivienda.islacristina.org\/index.php?rest_route=\/wp\/v2\/pages\/111\/revisions\/113"}],"wp:attachment":[{"href":"https:\/\/vivienda.islacristina.org\/index.php?rest_route=%2Fwp%2Fv2%2Fmedia&parent=111"}],"curies":[{"name":"wp","href":"https:\/\/api.w.org\/{rel}","templated":true}]}}